{"id":241,"date":"2015-12-14T13:20:18","date_gmt":"2015-12-14T13:20:18","guid":{"rendered":"http:\/\/kloe.select-themes.com\/?page_id=241"},"modified":"2021-02-02T17:56:29","modified_gmt":"2021-02-02T17:56:29","slug":"about-us","status":"publish","type":"page","link":"https:\/\/banikiblog.com\/es\/about-us\/","title":{"rendered":"Sobre Nosotras"},"content":{"rendered":"<p>[vc_row][vc_column][rev_slider_vc alias=\u00bbAbout-us\u00bb][\/vc_column][\/vc_row][vc_row][vc_column width=\u00bb1\/2&#8243;]\n<div class=\"qodef-team main-info-below-image\">\n\t<div class=\"qodef-team-inner\">\n\t\t\t\t\t<div class=\"qodef-team-image\">\n\t\t\t\t\t\t\t\t<span class=\"qodef-team-overlay\"><\/span>\n\t\t\t<\/div>\n\t\t\n\t\t\t\t\t<div class=\"qodef-team-info\">\n\t\t\t\t\t\t\t\t\t<div class=\"qodef-team-title-holder normal\">\n\t\t\t\t\t\t\t\t\t\t\t\t\t<h5 class=\"qodef-team-name\">\n\t\t\t\t\t\t\t\tNicole Kimpel\t\t\t\t\t\t\t<\/h5>\n\t\t\t\t\t\t\t\t\t\t\t\t\t\t\t\t\t\t\t<h6 class=\"qodef-team-position\">Co-founder<\/h6>\n\t\t\t\t\t\t\t\t\t\t\t<\/div>\n\t\t\t\t\n\t\t<div class=\"qodef-team-social-holder-between\">\n\t\t\t<div class=\"qodef-team-social normal\">\n\t\t\t\t<div class=\"qodef-team-social-inner\">\n\t\t\t\t\t<div class=\"qodef-team-social-wrapp\">\n\n\t\t\t\t\t\t\n    <span class=\"qodef-icon-shortcode normal qodef-icon-hover-effect \"  >\n                    <a class=\"\" href=\"https:\/\/www.facebook.com\/\" target=\"_blank\">\n        \n        <span aria-hidden=\"true\" class=\"qodef-icon-font-elegant social_facebook qodef-icon-element\" style=\"\" ><\/span>\n                    <\/a>\n                            <span class=\"qodef-icon-shader\" ><\/span>\n            <\/span>\n\n\n    <span class=\"qodef-icon-shortcode normal qodef-icon-hover-effect \"  >\n                    <a class=\"\" href=\"https:\/\/www.instagram.com\/nickykim2807\/\" target=\"_blank\">\n        \n        <span aria-hidden=\"true\" class=\"qodef-icon-font-elegant social_instagram qodef-icon-element\" style=\"\" ><\/span>\n                    <\/a>\n                            <span class=\"qodef-icon-shader\" ><\/span>\n            <\/span>\n\n\n\t\t\t\t\t<\/div>\n\t\t\t\t<\/div>\n\t\t\t<\/div>\n\t\t<\/div>\n\n\t\t<\/div>\n\t<\/div>\n<\/div>[vc_empty_space height=\u00bb40px\u00bb][\/vc_column][vc_column width=\u00bb1\/2&#8243;]\n<div class=\"qodef-team main-info-below-image\">\n\t<div class=\"qodef-team-inner\">\n\t\t\t\t\t<div class=\"qodef-team-image\">\n\t\t\t\t\t\t\t\t<span class=\"qodef-team-overlay\"><\/span>\n\t\t\t<\/div>\n\t\t\n\t\t\t\t\t<div class=\"qodef-team-info\">\n\t\t\t\t\t\t\t\t\t<div class=\"qodef-team-title-holder normal\">\n\t\t\t\t\t\t\t\t\t\t\t\t\t<h5 class=\"qodef-team-name\">\n\t\t\t\t\t\t\t\tBarbara Kimpel\t\t\t\t\t\t\t<\/h5>\n\t\t\t\t\t\t\t\t\t\t\t\t\t\t\t\t\t\t\t<h6 class=\"qodef-team-position\">Co-founder<\/h6>\n\t\t\t\t\t\t\t\t\t\t\t<\/div>\n\t\t\t\t\n\t\t<div class=\"qodef-team-social-holder-between\">\n\t\t\t<div class=\"qodef-team-social normal\">\n\t\t\t\t<div class=\"qodef-team-social-inner\">\n\t\t\t\t\t<div class=\"qodef-team-social-wrapp\">\n\n\t\t\t\t\t\t\n    <span class=\"qodef-icon-shortcode normal qodef-icon-hover-effect \"  >\n                    <a class=\"\" href=\"https:\/\/www.facebook.com\/\" target=\"_blank\">\n        \n        <span aria-hidden=\"true\" class=\"qodef-icon-font-elegant social_facebook qodef-icon-element\" style=\"\" ><\/span>\n                    <\/a>\n                            <span class=\"qodef-icon-shader\" ><\/span>\n            <\/span>\n\n\n    <span class=\"qodef-icon-shortcode normal qodef-icon-hover-effect \"  >\n                    <a class=\"\" href=\"https:\/\/www.instagram.com\/bbk_1290\/\" target=\"_blank\">\n        \n        <span aria-hidden=\"true\" class=\"qodef-icon-font-elegant social_instagram qodef-icon-element\" style=\"\" ><\/span>\n                    <\/a>\n                            <span class=\"qodef-icon-shader\" ><\/span>\n            <\/span>\n\n\n\t\t\t\t\t<\/div>\n\t\t\t\t<\/div>\n\t\t\t<\/div>\n\t\t<\/div>\n\n\t\t<\/div>\n\t<\/div>\n<\/div>[vc_empty_space height=\u00bb40px\u00bb][\/vc_column][\/vc_row][vc_row content_width=\u00bbgrid\u00bb][vc_column][vc_empty_space height=\u00bb3px\u00bb][vc_column_text]<\/p>\n<h2 style=\"text-align: center;\"><strong>CON\u00d3CENOS<br \/>\n<\/strong><\/h2>\n<p>[\/vc_column_text][vc_empty_space height=\u00bb4px\u00bb][vc_column_text]<\/p>\n<blockquote>\n<div dir=\"ltr\">\n<div><strong>Barbara<\/strong> y <strong>Nicole<\/strong> nacieron en <strong>Stuttgart<\/strong> y pasaron aqu\u00ed sus primeros a\u00f1os de vida. Despu\u00e9s, han vivido en D\u00fcsseldorf. Despu\u00e9s de unos a\u00f1os, su familia se mud\u00f3 a <strong>Suiza<\/strong>. En Ginebra iniciaron la escuela y estudiaron en franc\u00e9s. Poco tiempo antes de graduarse en la escuela secundaria, B\u00e1rbara y Nicole tuvieron que tomar la decisi\u00f3n de estudiar en Suiza o seguir a su padre a <strong>Estados Unidos<\/strong>. Finalmente decidieron irse a EEUU.<\/div>\n<div><\/div>\n<div>Despu\u00e9s de pasar las pruebas de acceso a la universidad, empezaron sus estudios en la costa este, y despu\u00e9s en la costa oeste. Tiempo despu\u00e9s, ambas completaron con \u00e9xito sus estudios en Ginebra, en Suiza.<\/div>\n<div><\/div>\n<div>Nicole inici\u00f3 su carrera profesional en una compa\u00f1\u00eda de software, posteriormente ha trabajado en un reputado banco internacional y m\u00e1s tarde en banca privada en Ginebra.<\/div>\n<div><\/div>\n<div>Barbara volvi\u00f3 a EEUU y trabaj\u00f3 en el sector de bienes inmobiliarios. Despu\u00e9s de alg\u00fan tiempo, volvi\u00f3 a Ginebra para encargarse de atraer inversores importantes para una compa\u00f1\u00eda de biotecnolog\u00eda, adem\u00e1s de encargarse de organizar eventos ben\u00e9ficos.<\/div>\n<div><\/div>\n<div>Ambas han recibido cont\u00ednuamente cursos en campos espec\u00edficos relacionados con finanzas, bienes inmobiliarios y procesamiento de datos. Bas\u00e1ndose en su experiencia profesional y estudios, lleg\u00f3 el momento en el que decidieron poner en marcha <strong>su propia empresa<\/strong>.<\/div>\n<div>Su fuerza en este proyecto es precisamente su experiencia internacional. No s\u00f3lo habilidades, idiomas y el conocimiento adquirido, sino tambi\u00e9n sus contactos internacionales. Relaciones a trav\u00e9s de las cuales tienen la posibilidad de iniciar proyectos nuevos o incluso actuar como intermediarias en <strong>transacciones de negocios<\/strong>. Sus conocimientos y su experiencia es muy amplia, desde proyectos inmobiliarios, proyectos relacionados con finanzas hasta arte o moda.<\/div>\n<div><\/div>\n<\/div>\n<\/blockquote>\n<p>[\/vc_column_text][\/vc_column][\/vc_row][vc_row content_aligment=\u00bbcenter\u00bb css=\u00bb.vc_custom_1557907920319{padding-top: 109px !important;}\u00bb][vc_column]<div class=\"qodef-image-slider qodef-highlight-active\"><div class=\"qodef-image-slider-inner\" style=\"height: 500px\">\r\n    <ul>\r\n                    <li>\r\n                <div class=\"qodef-image-slider-holder\" style=\"width:501px;height:500px\">\r\n                                        <img src=\"https:\/\/banikiblog.com\/wp-content\/uploads\/2019\/05\/Kimpel-sisters-2.jpeg\" alt=\"\" \/>\r\n                                    <\/div>\r\n            <\/li>\r\n                   <li>\r\n                <div class=\"qodef-image-slider-holder\" style=\"width:501px;height:500px\">\r\n                                        <img src=\"https:\/\/banikiblog.com\/wp-content\/uploads\/2019\/05\/Kimpel-sisters-about-us-1.jpeg\" alt=\"\" \/>\r\n                                    <\/div>\r\n            <\/li>\r\n                   <li>\r\n                <div class=\"qodef-image-slider-holder\" style=\"width:501px;height:500px\">\r\n                                        <img src=\"https:\/\/banikiblog.com\/wp-content\/uploads\/2019\/05\/Kimpel-sisters-baniki.jpeg\" alt=\"\" \/>\r\n                                    <\/div>\r\n            <\/li>\r\n                   <li>\r\n                <div class=\"qodef-image-slider-holder\" style=\"width:501px;height:500px\">\r\n                                        <img src=\"https:\/\/banikiblog.com\/wp-content\/uploads\/2019\/05\/Kimpel-sisters.jpeg\" alt=\"\" \/>\r\n                                    <\/div>\r\n            <\/li>\r\n           <\/ul>\r\n<\/div><div class=\"controls\"><a class=\"prev-slide\" href=\"#\"><span class=\"custom-nav-left\"><\/span><\/a><a class=\"next-slide\" href=\"#\"><span class=\"custom-nav-right\"><\/span><\/a><\/div><\/div>[\/vc_column][\/vc_row]<\/p>\n","protected":false},"excerpt":{"rendered":"<p>[vc_row][vc_column][rev_slider_vc alias=\u00bbAbout-us\u00bb][\/vc_column][\/vc_row][vc_row][vc_column width=\u00bb1\/2&#8243;][vc_empty_space height=\u00bb40px\u00bb][\/vc_column][vc_column width=\u00bb1\/2&#8243;][vc_empty_space height=\u00bb40px\u00bb][\/vc_column][\/vc_row][vc_row content_width=\u00bbgrid\u00bb][vc_column][vc_empty_space height=\u00bb3px\u00bb][vc_column_text] CON\u00d3CENOS [\/vc_column_text][vc_empty_space height=\u00bb4px\u00bb][vc_column_text] Barbara y Nicole nacieron en Stuttgart y pasaron aqu\u00ed sus primeros a\u00f1os de vida. Despu\u00e9s, han vivido en D\u00fcsseldorf. Despu\u00e9s de unos a\u00f1os, su familia se mud\u00f3 a Suiza. En Ginebra iniciaron la escuela&#8230;<\/p>\n","protected":false},"author":1,"featured_media":0,"parent":0,"menu_order":0,"comment_status":"closed","ping_status":"closed","template":"full-width.php","meta":[],"yoast_head":"<!-- This site is optimized with the Yoast SEO plugin v18.3 - https:\/\/yoast.com\/wordpress\/plugins\/seo\/ -->\n<title>Sobre Nosotras - Kimpel Sister&#039;s<\/title>\n<meta name=\"description\" content=\"Barbara y Nicole nacieron en Stuttgart y pasaron aqu\u00ed sus primeros a\u00f1os de vida. Despu\u00e9s, han vivido en D\u00fcsseldorf. Despu\u00e9s de unos a\u00f1os, su familia se mud\u00f3 a Suiza.\" \/>\n<meta name=\"robots\" content=\"index, follow, max-snippet:-1, max-image-preview:large, max-video-preview:-1\" \/>\n<link rel=\"canonical\" href=\"https:\/\/banikiblog.com\/es\/about-us\/\" \/>\n<meta property=\"og:locale\" content=\"es_ES\" \/>\n<meta property=\"og:type\" content=\"article\" \/>\n<meta property=\"og:title\" content=\"Sobre Nosotras\" \/>\n<meta property=\"og:description\" content=\"Barbara y Nicole nacieron en Stuttgart y pasaron aqu\u00ed sus primeros a\u00f1os de vida. Despu\u00e9s, han vivido en D\u00fcsseldorf. Despu\u00e9s de unos a\u00f1os, su familia se mud\u00f3 a Suiza.\" \/>\n<meta property=\"og:url\" content=\"https:\/\/banikiblog.com\/es\/about-us\/\" \/>\n<meta property=\"og:site_name\" content=\"Kimpel Sister&#039;s\" \/>\n<meta property=\"article:modified_time\" content=\"2021-02-02T17:56:29+00:00\" \/>\n<meta name=\"twitter:card\" content=\"summary_large_image\" \/>\n<meta name=\"twitter:label1\" content=\"Tiempo de lectura\" \/>\n\t<meta name=\"twitter:data1\" content=\"2 minutos\" \/>\n<script type=\"application\/ld+json\" class=\"yoast-schema-graph\">{\"@context\":\"https:\/\/schema.org\",\"@graph\":[{\"@type\":\"WebSite\",\"@id\":\"https:\/\/banikiblog.com\/#website\",\"url\":\"https:\/\/banikiblog.com\/\",\"name\":\"Kimpel Sister&#039;s\",\"description\":\"\",\"potentialAction\":[{\"@type\":\"SearchAction\",\"target\":{\"@type\":\"EntryPoint\",\"urlTemplate\":\"https:\/\/banikiblog.com\/?s={search_term_string}\"},\"query-input\":\"required name=search_term_string\"}],\"inLanguage\":\"es-ES\"},{\"@type\":\"WebPage\",\"@id\":\"https:\/\/banikiblog.com\/es\/about-us\/#webpage\",\"url\":\"https:\/\/banikiblog.com\/es\/about-us\/\",\"name\":\"[:en]About Us[:es]Sobre Nosotras[:] - Kimpel Sister&#039;s\",\"isPartOf\":{\"@id\":\"https:\/\/banikiblog.com\/#website\"},\"datePublished\":\"2015-12-14T13:20:18+00:00\",\"dateModified\":\"2021-02-02T17:56:29+00:00\",\"description\":\"Barbara y Nicole nacieron en Stuttgart y pasaron aqu\u00ed sus primeros a\u00f1os de vida. Despu\u00e9s, han vivido en D\u00fcsseldorf. Despu\u00e9s de unos a\u00f1os, su familia se mud\u00f3 a Suiza.\",\"breadcrumb\":{\"@id\":\"https:\/\/banikiblog.com\/es\/about-us\/#breadcrumb\"},\"inLanguage\":\"es-ES\",\"potentialAction\":[{\"@type\":\"ReadAction\",\"target\":[\"https:\/\/banikiblog.com\/es\/about-us\/\"]}]},{\"@type\":\"BreadcrumbList\",\"@id\":\"https:\/\/banikiblog.com\/es\/about-us\/#breadcrumb\",\"itemListElement\":[{\"@type\":\"ListItem\",\"position\":1,\"name\":\"Portada\",\"item\":\"https:\/\/banikiblog.com\/\"},{\"@type\":\"ListItem\",\"position\":2,\"name\":\"Sobre Nosotras\"}]}]}<\/script>\n<!-- \/ Yoast SEO plugin. -->","yoast_head_json":{"title":"Sobre Nosotras - Kimpel Sister&#039;s","description":"Barbara y Nicole nacieron en Stuttgart y pasaron aqu\u00ed sus primeros a\u00f1os de vida. Despu\u00e9s, han vivido en D\u00fcsseldorf. Despu\u00e9s de unos a\u00f1os, su familia se mud\u00f3 a Suiza.","robots":{"index":"index","follow":"follow","max-snippet":"max-snippet:-1","max-image-preview":"max-image-preview:large","max-video-preview":"max-video-preview:-1"},"canonical":"https:\/\/banikiblog.com\/es\/about-us\/","og_locale":"es_ES","og_type":"article","og_title":"[:en]About Us[:es]Sobre Nosotras[:] - Kimpel Sister&#039;s","og_description":"Barbara y Nicole nacieron en Stuttgart y pasaron aqu\u00ed sus primeros a\u00f1os de vida. Despu\u00e9s, han vivido en D\u00fcsseldorf. Despu\u00e9s de unos a\u00f1os, su familia se mud\u00f3 a Suiza.","og_url":"https:\/\/banikiblog.com\/es\/about-us\/","og_site_name":"Kimpel Sister&#039;s","article_modified_time":"2021-02-02T17:56:29+00:00","twitter_card":"summary_large_image","twitter_misc":{"Tiempo de lectura":"2 minutos"},"schema":{"@context":"https:\/\/schema.org","@graph":[{"@type":"WebSite","@id":"https:\/\/banikiblog.com\/#website","url":"https:\/\/banikiblog.com\/","name":"Kimpel Sister&#039;s","description":"","potentialAction":[{"@type":"SearchAction","target":{"@type":"EntryPoint","urlTemplate":"https:\/\/banikiblog.com\/?s={search_term_string}"},"query-input":"required name=search_term_string"}],"inLanguage":"es-ES"},{"@type":"WebPage","@id":"https:\/\/banikiblog.com\/es\/about-us\/#webpage","url":"https:\/\/banikiblog.com\/es\/about-us\/","name":"[:en]About Us[:es]Sobre Nosotras[:] - Kimpel Sister&#039;s","isPartOf":{"@id":"https:\/\/banikiblog.com\/#website"},"datePublished":"2015-12-14T13:20:18+00:00","dateModified":"2021-02-02T17:56:29+00:00","description":"Barbara y Nicole nacieron en Stuttgart y pasaron aqu\u00ed sus primeros a\u00f1os de vida. Despu\u00e9s, han vivido en D\u00fcsseldorf. Despu\u00e9s de unos a\u00f1os, su familia se mud\u00f3 a Suiza.","breadcrumb":{"@id":"https:\/\/banikiblog.com\/es\/about-us\/#breadcrumb"},"inLanguage":"es-ES","potentialAction":[{"@type":"ReadAction","target":["https:\/\/banikiblog.com\/es\/about-us\/"]}]},{"@type":"BreadcrumbList","@id":"https:\/\/banikiblog.com\/es\/about-us\/#breadcrumb","itemListElement":[{"@type":"ListItem","position":1,"name":"Portada","item":"https:\/\/banikiblog.com\/"},{"@type":"ListItem","position":2,"name":"Sobre Nosotras"}]}]}},"_links":{"self":[{"href":"https:\/\/banikiblog.com\/es\/wp-json\/wp\/v2\/pages\/241"}],"collection":[{"href":"https:\/\/banikiblog.com\/es\/wp-json\/wp\/v2\/pages"}],"about":[{"href":"https:\/\/banikiblog.com\/es\/wp-json\/wp\/v2\/types\/page"}],"author":[{"embeddable":true,"href":"https:\/\/banikiblog.com\/es\/wp-json\/wp\/v2\/users\/1"}],"replies":[{"embeddable":true,"href":"https:\/\/banikiblog.com\/es\/wp-json\/wp\/v2\/comments?post=241"}],"version-history":[{"count":5,"href":"https:\/\/banikiblog.com\/es\/wp-json\/wp\/v2\/pages\/241\/revisions"}],"predecessor-version":[{"id":6587,"href":"https:\/\/banikiblog.com\/es\/wp-json\/wp\/v2\/pages\/241\/revisions\/6587"}],"wp:attachment":[{"href":"https:\/\/banikiblog.com\/es\/wp-json\/wp\/v2\/media?parent=241"}],"curies":[{"name":"wp","href":"https:\/\/api.w.org\/{rel}","templated":true}]}}