{"id":5588,"date":"2019-05-27T08:14:46","date_gmt":"2019-05-27T08:14:46","guid":{"rendered":"https:\/\/kimpelsisters.com\/?page_id=5588"},"modified":"2019-05-27T08:22:25","modified_gmt":"2019-05-27T08:22:25","slug":"privacy-policy","status":"publish","type":"page","link":"https:\/\/banikiblog.com\/es\/privacy-policy\/","title":{"rendered":"Privacy policy"},"content":{"rendered":"<h2><strong>Aviso legal y Pol\u00edtica de Privacidad<\/strong><\/h2>\n<h3>1. Informaci\u00f3n legal y aceptaci\u00f3n<\/h3>\n<p>El presente documento regula el uso del servicio del presente portal de internet (en adelante,\u00a0el \u201cPortal\u201d) que R MEDIOS DIGITAL MARKETING S.L., (en adelante, \u201cR MEDIOS\u201d) pone a\u00a0disposici\u00f3n de los usuarios de Internet.<br \/>\nR MEDIOS, titular del Portal, tiene su domicilio en Avenida Sierra Calderona n\u00ba 8, Puzol 46530\u00a0(Valencia), y se encuentra provista de NIF n\u00ba B-98721657.<br \/>\nPara cualquier comunicaci\u00f3n puede ponerse en contacto con nosotros en el correo\u00a0electr\u00f3nico: [*].<br \/>\nEl acceso al Portal es gratuito salvo en lo relativo al coste de la conexi\u00f3n a trav\u00e9s de la red de\u00a0telecomunicaciones suministrada por el proveedor de acceso contratado por los Usuarios. El\u00a0Portal dispone de un \u00e1rea restringida para uso exclusivo de los clientes registrados.<br \/>\nLa utilizaci\u00f3n del Portal atribuye la condici\u00f3n de usuario del Portal (en adelante, el \u201cUsuario\u201d) e\u00a0implica la aceptaci\u00f3n de todas las condiciones incluidas en el presente \u201cAviso legal y Pol\u00edtica\u00a0de Privacidad\u201d que se encuentre vigente en esta direcci\u00f3n. La prestaci\u00f3n del servicio del Portal\u00a0tiene una duraci\u00f3n limitada al momento en el que el Usuario se encuentre conectado al Portal\u00a0o a alguno de los servicios que a trav\u00e9s del mismo se facilitan. Por tanto, el Usuario debe leer\u00a0atentamente el presente Aviso legal y Pol\u00edtica de Privacidad en cada una de las ocasiones en\u00a0que se proponga utilizar el Portal, ya que las condiciones recogidas en el Aviso legal y Pol\u00edtica\u00a0de Privacidad pueden sufrir modificaciones.<\/p>\n<h3>2. Propiedad intelectual e industrial<\/h3>\n<p>https:\/\/banikiblog.com\/ es el Portal Web de R MEDIOS, a trav\u00e9s de la cual se prestan\u00a0diversos servicios de informaci\u00f3n a sus visitantes. Al visitar y utilizar el Portal, usted acepta el\u00a0hecho de que su propietario se reserva el derecho a modificar o suspender las p\u00e1ginas\u00a0disponibles, el sitio Web, o a borrar temporal o definitivamente los datos que ha ofrecido, en\u00a0cualquier momento, sin previo aviso y sin ning\u00fan tipo de responsabilidad con los Usuarios. De\u00a0esta forma, usted acepta que R MEDIOS no tiene responsabilidad alguna por el borrado de\u00a0informaciones, fallos en su almacenamiento, inexactitud de los contenidos y otras\u00a0circunstancias relativas a la informaci\u00f3n de su p\u00e1gina Web.<br \/>\nTodos los contenidos del Portal, entendiendo por estos a t\u00edtulo meramente enunciativo los\u00a0textos, fotograf\u00edas, gr\u00e1ficos, im\u00e1genes, iconos, tecnolog\u00eda, software, links y dem\u00e1s contenidos\u00a0audiovisuales o sonoros, as\u00ed como su dise\u00f1o gr\u00e1fico y c\u00f3digos fuente (en adelante, los\u00a0\u201cContenidos), son propiedad intelectual de R MEDIOS o de terceros (estando R MEDIOS\u00a0previamente autorizada para su utilizaci\u00f3n), sin que puedan entenderse cedidos al Usuario\u00a0ninguno de los derechos de explotaci\u00f3n reconocidos por la normativa vigente en materia de\u00a0propiedad intelectual sobre los mismos, salvo aquellos que resulten estrictamente necesario\u00a0para el uso del Portal. El acceso al Portal no atribuye en ning\u00fan caso ning\u00fan derecho sobre las\u00a0marcas, nombres comerciales y\/o signos distintivos que aparecen en el mismo.<\/p>\n<h3>3. Condiciones de uso del portal<\/h3>\n<h4>3.1 General<\/h4>\n<p>El Usuario se obliga a hacer un uso del Portal de conformidad con la ley aplicable y el Aviso\u00a0legal y Pol\u00edtica de Privacidad. El Usuario responder\u00e1 frente a R MEDIOS o frente a terceros, de\u00a0cualesquiera da\u00f1os y perjuicios que pudieran causarse como consecuencia del incumplimiento\u00a0de dicha obligaci\u00f3n. Queda expresamente prohibido el uso del Portal con fines lesivos de\u00a0bienes o intereses de R MEDIOS o de terceros o que de cualquier otra forma sobrecarguen,\u00a0da\u00f1en o inutilicen las redes, servidores y dem\u00e1s equipos inform\u00e1ticos (hardware) o productos\u00a0y aplicaciones inform\u00e1ticas (software) de R MEDIOS o de terceros.<\/p>\n<h4>3.2 Contenidos<\/h4>\n<p>El Usuario se compromete a utilizar los Contenidos de conformidad con la ley aplicables, las\u00a0condiciones vigentes, y la presente Pol\u00edtica de Privacidad. Con car\u00e1cter meramente\u00a0enunciativo, el Usuario, de acuerdo con la legislaci\u00f3n vigente, deber\u00e1 abstenerse de:<br \/>\n\u2022Reproducir, copiar, distribuir, poner a disposici\u00f3n, comunicar p\u00fablicamente, transformar o\u00a0modificar los Contenidos salvo en los casos autorizados en la ley o expresamente consentidos\u00a0por R MEDIOS o por quien ostente la titularidad de los derechos de explotaci\u00f3n en su caso.<br \/>\n\u2022Reproducir o copiar para uso privado los Contenidos que puedan ser considerados como\u00a0Software o Base de Datos de conformidad con la legislaci\u00f3n vigente en materia de propiedad\u00a0intelectual, as\u00ed como su comunicaci\u00f3n p\u00fablica o puesta a disposici\u00f3n de terceros cuando estos\u00a0actos impliquen necesariamente la reproducci\u00f3n por parte del Usuario o de un tercero.<br \/>\n\u2022Extraer y\/o reutilizar la totalidad o una parte sustancial de los Contenidos integrantes del\u00a0Portal as\u00ed como de las bases de datos que R MEDIOS ponga a disposici\u00f3n de los Usuarios.<\/p>\n<h4>3.3 Introducci\u00f3n de enlaces al Portal<\/h4>\n<p>El Usuario que quisiera introducir enlaces desde sus propias p\u00e1ginas web al Portal deber\u00e1\u00a0cumplir con las condiciones que se detallan a continuaci\u00f3n sin que el desconocimiento de las\u00a0mismas evite las responsabilidades derivadas de la Ley:<br \/>\nEl enlace \u00fanicamente vincular\u00e1 con la home page o p\u00e1gina principal del Portal pero no podr\u00e1\u00a0reproducirla de ninguna forma (inline links, copia de los textos, gr\u00e1ficos, etc.). Quedar\u00e1 en todo\u00a0caso prohibido, de acuerdo con la legislaci\u00f3n aplicable y vigente en cada momento, establecer\u00a0frames o marcos de cualquier tipo que envuelvan al Portal o permitan la visualizaci\u00f3n de los\u00a0Contenidos a trav\u00e9s de direcciones de Internet distintas a las del Portal y, en cualquier caso,\u00a0cuando se visualicen conjuntamente con contenidos ajenos al Portal de forma que: (I)\u00a0produzca, o pueda producir, error, confusi\u00f3n o enga\u00f1o en los usuarios sobre la verdadera\u00a0procedencia del servicio o Contenidos; (II) suponga un acto de comparaci\u00f3n o imitaci\u00f3n\u00a0desleal; (III) sirva para aprovechar la reputaci\u00f3n de y prestigio de R MEDIOS; o (IV) de cualquier<br \/>\notra forma resulte prohibido por la legislaci\u00f3n vigente.<br \/>\nNo se realizar\u00e1n desde la p\u00e1gina que introduce el enlace ning\u00fan tipo de manifestaci\u00f3n falsa,\u00a0inexacta o incorrecta sobre R MEDIOS, sus empleados, o sobre la calidad de los servicios que\u00a0presta. En ning\u00fan caso, se expresar\u00e1 en la p\u00e1gina donde se ubique el enlace que R MEDIOS ha\u00a0prestado su consentimiento para la inserci\u00f3n del enlace o que de otra forma patrocina,\u00a0colabora, verifica o supervisa los servicios del remitente. Est\u00e1 prohibida la utilizaci\u00f3n de\u00a0cualquier marca denominativa, gr\u00e1fica o mixta o cualquier otro signo distintivo de R MEDIOS\u00a0dentro de la p\u00e1gina del remitente, salvo en los casos permitidos por la ley o expresamente<br \/>\nautorizados por R MEDIOS y siempre que se permita, en estos casos, un enlace directo con el\u00a0Portal en la forma establecida en esta cl\u00e1usula. La p\u00e1gina que establezca el enlace deber\u00e1\u00a0cumplir fielmente con la ley y no podr\u00e1 en ning\u00fan caso disponer o enlazar con contenidos\u00a0propios o de terceros que: (I) sean il\u00edcitos, nocivos o contrarios a la moral y a las buenas\u00a0costumbres; (II) induzcan o puedan inducir la falsa concepci\u00f3n de que R MEDIOS suscribe,\u00a0respalda, se adhiere o de cualquier manera apoya, las ideas, manifestaciones o expresiones,\u00a0l\u00edcitas o il\u00edcitas, del remitente; (III) resulten inapropiados o no pertinentes con la actividad de R\u00a0MEDIOS en atenci\u00f3n al lugar, contenidos y tem\u00e1tica de la p\u00e1gina web del remitente.<br \/>\nEn el supuesto de que el Usuario considere que existe una p\u00e1gina que facilita un enlace al\u00a0Portal con contenidos il\u00edcitos o inadecuados podr\u00e1 comunic\u00e1rselo a R MEDIOS, procediendo en\u00a0estos casos R MEDIOS a realizar las oportunas averiguaciones, con el fin de llevar a cabo las\u00a0actuaciones que procedan. En ning\u00fan caso, la existencia de un enlace al Portal debe\u00a0presuponer la existencia de acuerdos con los responsables o titulares de la p\u00e1gina que facilita\u00a0dicho enlace, ni la recomendaci\u00f3n, promoci\u00f3n o identificaci\u00f3n de R MEDIOS con las\u00a0manifestaciones, contenidos o servicios prove\u00eddos. R MEDIOS no conoce los contenidos y<br \/>\nservicios de dichas p\u00e1ginas, y por tanto no se hace responsable por los da\u00f1os producidos por la\u00a0ilicitud, calidad, desactualizaci\u00f3n, indisponibilidad, error e inutilidad de los contenidos y\/o\u00a0servicios de en ella prove\u00eddos, ni por cualquier otro da\u00f1o.<\/p>\n<h4>3.5 Condiciones generales sobre los comentarios publicados en el blog<\/h4>\n<p>Los usuarios de esta p\u00e1gina web deben leer y aceptar las siguientes condiciones sobre el\u00a0contenido de los comentarios publicados en el blog. Al navegar en esta web y usar sus\u00a0herramientas para compartir informaci\u00f3n y contenidos, los usuarios asumen y aceptan estas\u00a0condiciones.<br \/>\nEl contenido racista, difamatorio, obsceno o pornogr\u00e1fico publicado por cualquier usuario ser\u00e1\u00a0borrado, editado o bloqueado por los administradores de la web. Aquellos contenidos que no\u00a0se ajusten a las condiciones anteriormente se\u00f1aladas ser\u00e1n analizados bajo sospecha de\u00a0contenido il\u00edcito u ofensivo. Queda prohibido hacer referencia mediante la publicaci\u00f3n en el\u00a0blog a cualquier tipo de ideolog\u00eda o partido pol\u00edtico.<br \/>\nNo ser\u00e1 permitida la publicaci\u00f3n de informaci\u00f3n personal de terceros, as\u00ed como datos o\u00a0contenidos que atenten contra la propiedad intelectual o el derecho a la intimidad. Amenazar\u00a0o intimidar a alguien vali\u00e9ndose de esta plataforma tampoco est\u00e1 permitido.<br \/>\nLa promoci\u00f3n, publicidad, provocaci\u00f3n y publicaci\u00f3n de noticias falsas ser\u00e1 tambi\u00e9n objeto de\u00a0investigaci\u00f3n. Se tomar\u00e1n las medidas necesarias en cada caso.<\/p>\n<p>Los administradores de esta web pueden modificar los contenidos o condiciones de este aviso\u00a0legal sin previo aviso, y podr\u00e1n aplicar limitaciones al acceso de este sitio por razones de\u00a0mantenimiento t\u00e9cnico, operatividad o disponibilidad.<br \/>\nR MEDIOS no ser\u00e1 responsable de los da\u00f1os derivados del acceso y la manipulaci\u00f3n de\u00a0informaci\u00f3n en el blog, as\u00ed como no ser\u00e1 responsable de ninguna circunstancia accidental o<br \/>\nderivada de fuerza mayor.<br \/>\nLos usuarios de nuestra p\u00e1gina web deben respetar el derecho a la intimidad y al honor, as\u00ed\u00a0como los derechos a la propia imagen y a la dignidad. Cualquier contenido sospechoso o\u00a0susceptible de ser il\u00edcito que sea publicado en este blog, ser\u00e1 puesto en conocimiento de las\u00a0autoridades p\u00fablicas y ser\u00e1 sometido a la legislaci\u00f3n espa\u00f1ola y europea.<\/p>\n<h3>4. Exclusi\u00f3n de responsabilidad<\/h3>\n<h4>4.1 De la calidad del servicio<\/h4>\n<p>El acceso al Portal no implica la obligaci\u00f3n por parte de R MEDIOS de controlar la ausencia de\u00a0virus, gusanos o cualquier otro elemento inform\u00e1tico da\u00f1ino. Corresponde al Usuario, en todo\u00a0caso, la disponibilidad de herramientas adecuadas para la detecci\u00f3n y desinfecci\u00f3n de\u00a0programas inform\u00e1ticos da\u00f1inos. R MEDIOS no se responsabiliza de los da\u00f1os producidos en\u00a0los equipos inform\u00e1ticos de los Usuarios o de terceros durante la prestaci\u00f3n del servicio del\u00a0Portal.<\/p>\n<h4>4.2 De la disponibilidad del Servicio<\/h4>\n<p>El acceso al Portal requiere de servicios y suministros de terceros, incluidos el transporte a\u00a0trav\u00e9s de redes de telecomunicaciones, cuya fiabilidad, calidad, continuidad y funcionamiento\u00a0no corresponde a R MEDIOS. Por consiguiente, los servicios prove\u00eddos a trav\u00e9s del Portal\u00a0pueden ser suspendidos, cancelados o resultar total o parcialmente inaccesibles, de forma\u00a0definitiva o tempor\u00e1nea, con car\u00e1cter previo o simult\u00e1neo a la prestaci\u00f3n del servicio del\u00a0Portal. R MEDIOS no se responsabiliza de los da\u00f1os o perjuicios de cualquier tipo producidos\u00a0en el Usuario, que traigan causa de fallos o desconexiones en las redes de telecomunicaciones\u00a0que produzcan la suspensi\u00f3n, cancelaci\u00f3n o interrupci\u00f3n del servicio del Portal durante la\u00a0prestaci\u00f3n del mismo o con car\u00e1cter previo.<\/p>\n<h4>4.3 De los contenidos y servicios enlazados a trav\u00e9s del Portal<\/h4>\n<p>El servicio de acceso al Portal incluye dispositivos t\u00e9cnicos de enlace, directorios e incluso\u00a0instrumentos de b\u00fasqueda que permiten al Usuario acceder a otras p\u00e1ginas y portales de\u00a0Internet (en adelante, \u201cSitios Enlazados\u201d). En cualquier caso, y en los casos que sean de\u00a0aplicaci\u00f3n, respecto de los Sitios Enlazados, R MEDIOS act\u00faa como prestador de servicios de\u00a0intermediaci\u00f3n de conformidad con el art\u00edculo 17 de la Ley 34\/2002, de 12 de julio, de\u00a0Servicios de la Sociedad de la Informaci\u00f3n y el Comercio Electr\u00f3nico (LSSI), y s\u00f3lo ser\u00e1\u00a0responsable de los contenidos y servicios suministrados en los Sitios Enlazados en la medida en<br \/>\nque tenga conocimiento efectivo de la ilicitud y no haya desactivado el enlace con la diligencia\u00a0debida. En el supuesto de que el Usuario considere que existe un Sitio Enlazado con\u00a0contenidos il\u00edcitos o inadecuados podr\u00e1 comunic\u00e1rselo a R MEDIOS, procediendo en estos\u00a0casos R MEDIOS a realizar las oportunas averiguaciones, con el fin de suprimir o inutilizar, en\u00a0su caso, el enlace correspondiente.<br \/>\nEn ning\u00fan caso, la existencia de Sitios Enlazados debe presuponer la existencia de acuerdos\u00a0con los responsables o titulares de los mismos, ni la recomendaci\u00f3n, promoci\u00f3n o\u00a0identificaci\u00f3n de R MEDIOS con las manifestaciones, contenidos o servicios provistos. R\u00a0MEDIOS no conoce los contenidos y servicios de los Sitios Enlazados, ya que los mismos se\u00a0actualizan y modifican de forma constante, y por tanto no se hace responsable por los da\u00f1os\u00a0producidos por la ilicitud, calidad, desactualizaci\u00f3n, indisponibilidad, error e inutilidad de los\u00a0contenidos y\/o servicios de los Sitios Enlazados, ni por cualquier otro da\u00f1o que no sea\u00a0directamente imputable a R MEDIOS.<\/p>\n<h4>4.4 Responsabilidad del Usuario<\/h4>\n<p>El Usuario es consciente de su exclusiva responsabilidad por la utilizaci\u00f3n que efect\u00fae del\u00a0Portal de conformidad con el presente Aviso legal y Pol\u00edtica de Privacidad, eximiendo a R\u00a0MEDIOS de responsabilidad de cualquier tipo, de demanda o reclamaci\u00f3n, incluyendo los\u00a0honorarios de representaci\u00f3n jur\u00eddica aunque no fuese preceptiva, que pudiera ser interpuesta\u00a0por un tercero, debido a o como resultado de su conducta o su conexi\u00f3n a este sitio Web, los\u00a0contenidos que ofrece, su violaci\u00f3n de este Aviso legal y Pol\u00edtica de Privacidad o de cualquier\u00a0otra violaci\u00f3n de los derechos de otra persona o parte.<\/p>\n<h4>4.5 Limitaci\u00f3n de responsabilidad general<\/h4>\n<p>El Usuario entiende expl\u00edcitamente y acepta que R MEDIOS no ser\u00e1 responsable de ning\u00fan\u00a0da\u00f1o directo, indirecto, extraordinario o incidental, incluyendo a t\u00edtulo enunciativo y no\u00a0limitativo, da\u00f1os por la p\u00e9rdida de beneficios, datos u otras p\u00e9rdidas intangibles (incluso si R\u00a0MEDIOS ha notificado la posibilidad de estas p\u00e9rdidas), como resultado de: (i) el uso o la\u00a0imposibilidad de utilizar el Portal, (ii) el coste para obtener sustituci\u00f3n de los bienes como\u00a0resultado de cualquier operaci\u00f3n realizada en o a trav\u00e9s del Portal, (iii) un acceso no\u00a0autorizado o la alteraci\u00f3n de la transmisi\u00f3n de sus datos, (iv) la cesi\u00f3n o transmisi\u00f3n no\u00a0autorizada por R MEDIOS, de datos de car\u00e1cter personal realizada por el Usuario o por\u00a0cualquier tercero, o (v) cualesquiera otras circunstancias. Asimismo, se deja expresa constancia\u00a0que R MEDIOS no ofrece garant\u00edas, impl\u00edcitas o expl\u00edcitas, sobre la no interrupci\u00f3n de acceso al\u00a0Portal, la falta de errores, la ausencia de virus, la puntualidad, la seguridad, la precisi\u00f3n, la\u00a0confianza, en ninguna cualidad, as\u00ed como la necesidad de que cualquier contenido sea seguro\u00a0en cualquiera de los sentidos. El usuario acepta que esta pol\u00edtica de privacidad puede sufrir\u00a0modificaciones que ser\u00e1n objeto de adecuada publicidad en el Portal.<\/p>\n<h3>5. Ley aplicable<\/h3>\n<p>Al utilizar este sitio Web usted acepta que este Aviso Legal y Pol\u00edtica de Privacidad, las\u00a0Condiciones de Uso, y cualquier tipo de disputa relativa al uso de este Portal, ser\u00e1n\u00a0interpretados con arreglo a las leyes vigentes en el lugar de residencia del propietario de este\u00a0sitio Web, es decir las leyes espa\u00f1olas. Asimismo, el Usuario, con renuncia de cualquier otro\u00a0fuero que pudiera corresponderle, se somete a la competencia de los juzgados y tribunales de\u00a0la ciudad de Valencia, para cualquier disputa o controversia que pudiera surgir en relaci\u00f3n con\u00a0este Aviso Legal y Pol\u00edtica de Privacidad, las Condiciones de Uso y, en general, por el uso del<br \/>\nPortal o por todos los servicios prestados por R MEDIOS.<\/p>\n","protected":false},"excerpt":{"rendered":"<p>Aviso legal y Pol\u00edtica de Privacidad 1. Informaci\u00f3n legal y aceptaci\u00f3n El presente documento regula el uso del servicio del presente portal de internet (en adelante,\u00a0el \u201cPortal\u201d) que R MEDIOS DIGITAL MARKETING S.L., (en adelante, \u201cR MEDIOS\u201d) pone a\u00a0disposici\u00f3n de los usuarios de Internet. R&#8230;<\/p>\n","protected":false},"author":1,"featured_media":0,"parent":0,"menu_order":0,"comment_status":"closed","ping_status":"closed","template":"","meta":[],"yoast_head":"<!-- This site is optimized with the Yoast SEO plugin v18.3 - https:\/\/yoast.com\/wordpress\/plugins\/seo\/ -->\n<title>Privacy policy - Kimpel Sister&#039;s<\/title>\n<meta name=\"robots\" content=\"index, follow, max-snippet:-1, max-image-preview:large, max-video-preview:-1\" \/>\n<link rel=\"canonical\" href=\"https:\/\/banikiblog.com\/privacy-policy\/\" \/>\n<meta property=\"og:locale\" content=\"es_ES\" \/>\n<meta property=\"og:type\" content=\"article\" \/>\n<meta property=\"og:title\" content=\"Privacy policy\" \/>\n<meta property=\"og:description\" content=\"Aviso legal y Pol\u00edtica de Privacidad 1. Informaci\u00f3n legal y aceptaci\u00f3n El presente documento regula el uso del servicio del presente portal de internet (en adelante,\u00a0el \u201cPortal\u201d) que R MEDIOS DIGITAL MARKETING S.L., (en adelante, \u201cR MEDIOS\u201d) pone a\u00a0disposici\u00f3n de los usuarios de Internet. R...\" \/>\n<meta property=\"og:url\" content=\"https:\/\/banikiblog.com\/privacy-policy\/\" \/>\n<meta property=\"og:site_name\" content=\"Kimpel Sister&#039;s\" \/>\n<meta property=\"article:modified_time\" content=\"2019-05-27T08:22:25+00:00\" \/>\n<meta name=\"twitter:card\" content=\"summary_large_image\" \/>\n<meta name=\"twitter:label1\" content=\"Tiempo de lectura\" \/>\n\t<meta name=\"twitter:data1\" content=\"14 minutos\" \/>\n<script type=\"application\/ld+json\" class=\"yoast-schema-graph\">{\"@context\":\"https:\/\/schema.org\",\"@graph\":[{\"@type\":\"WebSite\",\"@id\":\"https:\/\/banikiblog.com\/#website\",\"url\":\"https:\/\/banikiblog.com\/\",\"name\":\"Kimpel Sister&#039;s\",\"description\":\"\",\"potentialAction\":[{\"@type\":\"SearchAction\",\"target\":{\"@type\":\"EntryPoint\",\"urlTemplate\":\"https:\/\/banikiblog.com\/?s={search_term_string}\"},\"query-input\":\"required name=search_term_string\"}],\"inLanguage\":\"es-ES\"},{\"@type\":\"WebPage\",\"@id\":\"https:\/\/banikiblog.com\/privacy-policy\/#webpage\",\"url\":\"https:\/\/banikiblog.com\/privacy-policy\/\",\"name\":\"[:en]Privacy policy[:] - Kimpel Sister&#039;s\",\"isPartOf\":{\"@id\":\"https:\/\/banikiblog.com\/#website\"},\"datePublished\":\"2019-05-27T08:14:46+00:00\",\"dateModified\":\"2019-05-27T08:22:25+00:00\",\"breadcrumb\":{\"@id\":\"https:\/\/banikiblog.com\/privacy-policy\/#breadcrumb\"},\"inLanguage\":\"es-ES\",\"potentialAction\":[{\"@type\":\"ReadAction\",\"target\":[\"https:\/\/banikiblog.com\/privacy-policy\/\"]}]},{\"@type\":\"BreadcrumbList\",\"@id\":\"https:\/\/banikiblog.com\/privacy-policy\/#breadcrumb\",\"itemListElement\":[{\"@type\":\"ListItem\",\"position\":1,\"name\":\"Portada\",\"item\":\"https:\/\/banikiblog.com\/\"},{\"@type\":\"ListItem\",\"position\":2,\"name\":\"Privacy policy\"}]}]}<\/script>\n<!-- \/ Yoast SEO plugin. -->","yoast_head_json":{"title":"Privacy policy - Kimpel Sister&#039;s","robots":{"index":"index","follow":"follow","max-snippet":"max-snippet:-1","max-image-preview":"max-image-preview:large","max-video-preview":"max-video-preview:-1"},"canonical":"https:\/\/banikiblog.com\/privacy-policy\/","og_locale":"es_ES","og_type":"article","og_title":"[:en]Privacy policy[:] - Kimpel Sister&#039;s","og_description":"Aviso legal y Pol\u00edtica de Privacidad 1. Informaci\u00f3n legal y aceptaci\u00f3n El presente documento regula el uso del servicio del presente portal de internet (en adelante,\u00a0el \u201cPortal\u201d) que R MEDIOS DIGITAL MARKETING S.L., (en adelante, \u201cR MEDIOS\u201d) pone a\u00a0disposici\u00f3n de los usuarios de Internet. R...","og_url":"https:\/\/banikiblog.com\/privacy-policy\/","og_site_name":"Kimpel Sister&#039;s","article_modified_time":"2019-05-27T08:22:25+00:00","twitter_card":"summary_large_image","twitter_misc":{"Tiempo de lectura":"14 minutos"},"schema":{"@context":"https:\/\/schema.org","@graph":[{"@type":"WebSite","@id":"https:\/\/banikiblog.com\/#website","url":"https:\/\/banikiblog.com\/","name":"Kimpel Sister&#039;s","description":"","potentialAction":[{"@type":"SearchAction","target":{"@type":"EntryPoint","urlTemplate":"https:\/\/banikiblog.com\/?s={search_term_string}"},"query-input":"required name=search_term_string"}],"inLanguage":"es-ES"},{"@type":"WebPage","@id":"https:\/\/banikiblog.com\/privacy-policy\/#webpage","url":"https:\/\/banikiblog.com\/privacy-policy\/","name":"[:en]Privacy policy[:] - Kimpel Sister&#039;s","isPartOf":{"@id":"https:\/\/banikiblog.com\/#website"},"datePublished":"2019-05-27T08:14:46+00:00","dateModified":"2019-05-27T08:22:25+00:00","breadcrumb":{"@id":"https:\/\/banikiblog.com\/privacy-policy\/#breadcrumb"},"inLanguage":"es-ES","potentialAction":[{"@type":"ReadAction","target":["https:\/\/banikiblog.com\/privacy-policy\/"]}]},{"@type":"BreadcrumbList","@id":"https:\/\/banikiblog.com\/privacy-policy\/#breadcrumb","itemListElement":[{"@type":"ListItem","position":1,"name":"Portada","item":"https:\/\/banikiblog.com\/"},{"@type":"ListItem","position":2,"name":"Privacy policy"}]}]}},"_links":{"self":[{"href":"https:\/\/banikiblog.com\/es\/wp-json\/wp\/v2\/pages\/5588"}],"collection":[{"href":"https:\/\/banikiblog.com\/es\/wp-json\/wp\/v2\/pages"}],"about":[{"href":"https:\/\/banikiblog.com\/es\/wp-json\/wp\/v2\/types\/page"}],"author":[{"embeddable":true,"href":"https:\/\/banikiblog.com\/es\/wp-json\/wp\/v2\/users\/1"}],"replies":[{"embeddable":true,"href":"https:\/\/banikiblog.com\/es\/wp-json\/wp\/v2\/comments?post=5588"}],"version-history":[{"count":2,"href":"https:\/\/banikiblog.com\/es\/wp-json\/wp\/v2\/pages\/5588\/revisions"}],"predecessor-version":[{"id":5590,"href":"https:\/\/banikiblog.com\/es\/wp-json\/wp\/v2\/pages\/5588\/revisions\/5590"}],"wp:attachment":[{"href":"https:\/\/banikiblog.com\/es\/wp-json\/wp\/v2\/media?parent=5588"}],"curies":[{"name":"wp","href":"https:\/\/api.w.org\/{rel}","templated":true}]}}