{"id":5822,"date":"2019-07-30T12:48:46","date_gmt":"2019-07-30T12:48:46","guid":{"rendered":"https:\/\/kimpelsisters.com\/es\/?page_id=5822"},"modified":"2019-08-14T08:12:14","modified_gmt":"2019-08-14T08:12:14","slug":"como-comprar-baniki","status":"publish","type":"page","link":"https:\/\/banikiblog.com\/es\/como-comprar-baniki\/","title":{"rendered":"C\u00f3mo comprar Baniki"},"content":{"rendered":"<p>[vc_row][vc_column][vc_single_image image=\u00bb5827&#8243; img_size=\u00bbfull\u00bb][\/vc_column][\/vc_row][vc_row][vc_column][vc_column_text]<\/p>\n<h2>C\u00d3MO COMPRAR BANIKI<\/h2>\n<p>&nbsp;<\/p>\n<ul>\n<li>Puedes comprar nuestra colecci\u00f3n de bolsos Baniki en el corner de El Corte Ingl\u00e9s de Puerto Ban\u00fas (M\u00e1laga).<\/li>\n<li>Tambi\u00e9n puedes enviarnos un mensaje directo a trav\u00e9s de nuestra cuenta de Instagram <a href=\"https:\/\/www.instagram.com\/banikiofficial\/?hl=es\">@banikiofficial<\/a><\/li>\n<\/ul>\n<p>[\/vc_column_text][\/vc_column][\/vc_row]<\/p>\n","protected":false},"excerpt":{"rendered":"<p>[vc_row][vc_column][vc_single_image image=\u00bb5827&#8243; img_size=\u00bbfull\u00bb][\/vc_column][\/vc_row][vc_row][vc_column][vc_column_text] C\u00d3MO COMPRAR BANIKI &nbsp; Puedes comprar nuestra colecci\u00f3n de bolsos Baniki en el corner de El Corte Ingl\u00e9s de Puerto Ban\u00fas (M\u00e1laga). Tambi\u00e9n puedes enviarnos un mensaje directo a trav\u00e9s de nuestra cuenta de Instagram @banikiofficial [\/vc_column_text][\/vc_column][\/vc_row]<\/p>\n","protected":false},"author":1,"featured_media":0,"parent":0,"menu_order":0,"comment_status":"closed","ping_status":"closed","template":"","meta":[],"yoast_head":"<!-- This site is optimized with the Yoast SEO plugin v18.3 - https:\/\/yoast.com\/wordpress\/plugins\/seo\/ -->\n<title>C\u00f3mo comprar Baniki - Kimpel Sister&#039;s<\/title>\n<meta name=\"description\" content=\"Puedes comprar los bolsos Baniki en nuestro corner de El Corte Ingl\u00e9s de Puerto Ban\u00fas (M\u00e1laga)\u00a0Tambi\u00e9n por mensaje directo de Instagram a @banikioficial\" \/>\n<meta name=\"robots\" content=\"index, follow, max-snippet:-1, max-image-preview:large, max-video-preview:-1\" \/>\n<link rel=\"canonical\" href=\"https:\/\/banikiblog.com\/como-comprar-baniki\/\" \/>\n<meta property=\"og:locale\" content=\"es_ES\" \/>\n<meta property=\"og:type\" content=\"article\" \/>\n<meta property=\"og:title\" content=\"C\u00f3mo comprar Baniki - Kimpel Sister&#039;s\" \/>\n<meta property=\"og:description\" content=\"Puedes comprar los bolsos Baniki en nuestro corner de El Corte Ingl\u00e9s de Puerto Ban\u00fas (M\u00e1laga)\u00a0Tambi\u00e9n por mensaje directo de Instagram a @banikioficial\" \/>\n<meta property=\"og:url\" content=\"https:\/\/banikiblog.com\/como-comprar-baniki\/\" \/>\n<meta property=\"og:site_name\" content=\"Kimpel Sister&#039;s\" \/>\n<meta property=\"article:modified_time\" content=\"2019-08-14T08:12:14+00:00\" \/>\n<meta name=\"twitter:card\" content=\"summary_large_image\" \/>\n<meta name=\"twitter:label1\" content=\"Tiempo de lectura\" \/>\n\t<meta name=\"twitter:data1\" content=\"1 minuto\" \/>\n<script type=\"application\/ld+json\" class=\"yoast-schema-graph\">{\"@context\":\"https:\/\/schema.org\",\"@graph\":[{\"@type\":\"WebSite\",\"@id\":\"https:\/\/banikiblog.com\/#website\",\"url\":\"https:\/\/banikiblog.com\/\",\"name\":\"Kimpel Sister&#039;s\",\"description\":\"\",\"potentialAction\":[{\"@type\":\"SearchAction\",\"target\":{\"@type\":\"EntryPoint\",\"urlTemplate\":\"https:\/\/banikiblog.com\/?s={search_term_string}\"},\"query-input\":\"required name=search_term_string\"}],\"inLanguage\":\"es-ES\"},{\"@type\":\"WebPage\",\"@id\":\"https:\/\/banikiblog.com\/como-comprar-baniki\/#webpage\",\"url\":\"https:\/\/banikiblog.com\/como-comprar-baniki\/\",\"name\":\"C\u00f3mo comprar Baniki - Kimpel Sister&#039;s\",\"isPartOf\":{\"@id\":\"https:\/\/banikiblog.com\/#website\"},\"datePublished\":\"2019-07-30T12:48:46+00:00\",\"dateModified\":\"2019-08-14T08:12:14+00:00\",\"description\":\"Puedes comprar los bolsos Baniki en nuestro corner de El Corte Ingl\u00e9s de Puerto Ban\u00fas (M\u00e1laga)\u00a0Tambi\u00e9n por mensaje directo de Instagram a @banikioficial\",\"breadcrumb\":{\"@id\":\"https:\/\/banikiblog.com\/como-comprar-baniki\/#breadcrumb\"},\"inLanguage\":\"es-ES\",\"potentialAction\":[{\"@type\":\"ReadAction\",\"target\":[\"https:\/\/banikiblog.com\/como-comprar-baniki\/\"]}]},{\"@type\":\"BreadcrumbList\",\"@id\":\"https:\/\/banikiblog.com\/como-comprar-baniki\/#breadcrumb\",\"itemListElement\":[{\"@type\":\"ListItem\",\"position\":1,\"name\":\"Portada\",\"item\":\"https:\/\/banikiblog.com\/\"},{\"@type\":\"ListItem\",\"position\":2,\"name\":\"How to buy Baniki\"}]}]}<\/script>\n<!-- \/ Yoast SEO plugin. -->","yoast_head_json":{"title":"C\u00f3mo comprar Baniki - Kimpel Sister&#039;s","description":"Puedes comprar los bolsos Baniki en nuestro corner de El Corte Ingl\u00e9s de Puerto Ban\u00fas (M\u00e1laga)\u00a0Tambi\u00e9n por mensaje directo de Instagram a @banikioficial","robots":{"index":"index","follow":"follow","max-snippet":"max-snippet:-1","max-image-preview":"max-image-preview:large","max-video-preview":"max-video-preview:-1"},"canonical":"https:\/\/banikiblog.com\/como-comprar-baniki\/","og_locale":"es_ES","og_type":"article","og_title":"C\u00f3mo comprar Baniki - Kimpel Sister&#039;s","og_description":"Puedes comprar los bolsos Baniki en nuestro corner de El Corte Ingl\u00e9s de Puerto Ban\u00fas (M\u00e1laga)\u00a0Tambi\u00e9n por mensaje directo de Instagram a @banikioficial","og_url":"https:\/\/banikiblog.com\/como-comprar-baniki\/","og_site_name":"Kimpel Sister&#039;s","article_modified_time":"2019-08-14T08:12:14+00:00","twitter_card":"summary_large_image","twitter_misc":{"Tiempo de lectura":"1 minuto"},"schema":{"@context":"https:\/\/schema.org","@graph":[{"@type":"WebSite","@id":"https:\/\/banikiblog.com\/#website","url":"https:\/\/banikiblog.com\/","name":"Kimpel Sister&#039;s","description":"","potentialAction":[{"@type":"SearchAction","target":{"@type":"EntryPoint","urlTemplate":"https:\/\/banikiblog.com\/?s={search_term_string}"},"query-input":"required name=search_term_string"}],"inLanguage":"es-ES"},{"@type":"WebPage","@id":"https:\/\/banikiblog.com\/como-comprar-baniki\/#webpage","url":"https:\/\/banikiblog.com\/como-comprar-baniki\/","name":"C\u00f3mo comprar Baniki - Kimpel Sister&#039;s","isPartOf":{"@id":"https:\/\/banikiblog.com\/#website"},"datePublished":"2019-07-30T12:48:46+00:00","dateModified":"2019-08-14T08:12:14+00:00","description":"Puedes comprar los bolsos Baniki en nuestro corner de El Corte Ingl\u00e9s de Puerto Ban\u00fas (M\u00e1laga)\u00a0Tambi\u00e9n por mensaje directo de Instagram a @banikioficial","breadcrumb":{"@id":"https:\/\/banikiblog.com\/como-comprar-baniki\/#breadcrumb"},"inLanguage":"es-ES","potentialAction":[{"@type":"ReadAction","target":["https:\/\/banikiblog.com\/como-comprar-baniki\/"]}]},{"@type":"BreadcrumbList","@id":"https:\/\/banikiblog.com\/como-comprar-baniki\/#breadcrumb","itemListElement":[{"@type":"ListItem","position":1,"name":"Portada","item":"https:\/\/banikiblog.com\/"},{"@type":"ListItem","position":2,"name":"How to buy Baniki"}]}]}},"_links":{"self":[{"href":"https:\/\/banikiblog.com\/es\/wp-json\/wp\/v2\/pages\/5822"}],"collection":[{"href":"https:\/\/banikiblog.com\/es\/wp-json\/wp\/v2\/pages"}],"about":[{"href":"https:\/\/banikiblog.com\/es\/wp-json\/wp\/v2\/types\/page"}],"author":[{"embeddable":true,"href":"https:\/\/banikiblog.com\/es\/wp-json\/wp\/v2\/users\/1"}],"replies":[{"embeddable":true,"href":"https:\/\/banikiblog.com\/es\/wp-json\/wp\/v2\/comments?post=5822"}],"version-history":[{"count":5,"href":"https:\/\/banikiblog.com\/es\/wp-json\/wp\/v2\/pages\/5822\/revisions"}],"predecessor-version":[{"id":5946,"href":"https:\/\/banikiblog.com\/es\/wp-json\/wp\/v2\/pages\/5822\/revisions\/5946"}],"wp:attachment":[{"href":"https:\/\/banikiblog.com\/es\/wp-json\/wp\/v2\/media?parent=5822"}],"curies":[{"name":"wp","href":"https:\/\/api.w.org\/{rel}","templated":true}]}}